{"id":1052,"date":"2023-09-07T15:58:05","date_gmt":"2023-09-07T13:58:05","guid":{"rendered":"https:\/\/topotransport.ch\/?page_id=1052"},"modified":"2024-03-21T16:20:31","modified_gmt":"2024-03-21T15:20:31","slug":"impressum","status":"publish","type":"page","link":"https:\/\/topotransport.ch\/de\/impressum\/","title":{"rendered":"Impressum"},"content":{"rendered":"\n<div class=\"row align-middle\"  id=\"row-1021649082\">\n\n<div class=\"col small-12 large-12\"  ><div class=\"col-inner text-center\" style=\"padding:0 0px 0px 0px;\" >\n\n<h1 style=\"margin-bottom: 0px;\">Impressum<\/h1>\n\n<\/div><\/div>\n<div class=\"col text01 small-12 large-12\"  ><div class=\"col-inner text-left\"  >\n\n<p><strong>Herausgeber und Eigent\u00fcmer<\/strong><\/p>\n<p>Topo Transport GmbH<br \/>CH-4600 Olten<br \/><a href=\"tel:+41764188741\">+41764188741<\/a><br \/><a href=\"mailto:info@topotransport.com\">info@topotransport.com<\/a><\/p>\n<p><strong>Verlagsleiter<\/strong><\/p>\n<p>Topo Transport GmbH<\/p>\n<p><strong>Hosting<\/strong><\/p>\n<p>Diese Seite wird gehostet von <a href=\"https:\/\/www.infomaniak.com\" target=\"_blank\" rel=\"noopener\">infomaniak.com<\/a><\/p>\n<p><strong>Geistiges Eigentum<\/strong><\/p>\n<p>Gem\u00e4\u00df den Bestimmungen von Artikel L 112-3 des Gesetzes \u00fcber geistiges Eigentum d\u00fcrfen alle Elemente, aus denen sich die Website zusammensetzt, ohne die ausdr\u00fcckliche Genehmigung des Betreibers weder ganz noch teilweise auf irgendeinem Medium reproduziert werden Website oder deren Rechtsnachfolger unter Androhung rechtlicher Schritte.<\/p>\n<p><strong>Schutz personenbezogener Daten<\/strong><\/p>\n<p>Wir weisen Sie darauf hin, dass die bei der Informationsanfrage erforderlichen Daten zur Bearbeitung Ihrer Anfrage erforderlich sind. Gem\u00e4\u00df Artikel 39 ff. des Gesetzes \u00ab Informatique et Libert\u00e9s \u00bb Nr. 78-17 vom 6. Januar 1978 haben Sie das Recht auf Zugang, \u00c4nderung, Berichtigung und L\u00f6schung der Sie betreffenden Daten. Zur Aus\u00fcbung dieses Rechts wenden Sie sich bitte ausschlie\u00dflich per E-Mail an die oben angegebene Kontaktadresse.<\/p>\n\n<\/div><\/div>\n\n\n<style scope=\"scope\">\n\n#row-1021649082 > .col > .col-inner {\n  padding: 50p 0px 0px 0px;\n}\n<\/style>\n<\/div>\n\t<section class=\"section has-parallax\" id=\"section_1011577663\">\n\t\t<div class=\"bg section-bg fill bg-fill  \" data-parallax-container=\".section\" data-parallax-background data-parallax=\"-3\">\n\n\t\t\t\n\t\t\t\n\t\t\t\n\n\t\t<\/div><!-- .section-bg -->\n\n\t\t<div class=\"section-content relative\">\n\t\t\t\n\n<div class=\"gap-element clearfix\" style=\"display:block; height:auto; padding-top:130px\"><\/div>\n\n<div class=\"gap-element clearfix\" style=\"display:block; height:auto; padding-top:130px\"><\/div>\n\n<div class=\"row\"  id=\"row-599941899\">\n\n<div class=\"col medium-4 small-12 large-4\"  ><div class=\"col-inner text-right dark\"  >\n\n\n<\/div><\/div>\n<div class=\"col medium-8 small-12 large-8\"  ><div class=\"col-inner text-right dark\"  >\n\n<h2>Wollen Sie umziehen ?<br \/>\nBen\u00f6tigen Sie einen Reinigungsservice ?<\/h2>\n<div class=\"gap-element clearfix\" style=\"display:block; height:auto; padding-top:10px\"><\/div>\n\n<p>Unser Team steht Ihnen gerne zur Verf\u00fcgung, um ein unverbindliches Angebot zu erstellen. Arbeiten Sie mit uns zusammen, um von einer professionellen und pers\u00f6nlichen Begleitung zu profitieren.<br \/>\nWir w\u00fcrden uns freuen, mit Ihnen zusammenzuarbeiten, <strong>Kontaktieren Sie uns jetzt<\/strong> !<\/p>\n<a rel=\"noopener noreferrer\" href=\"https:\/\/service.bixin.ch\/de\/lead?provider_token=51d3e411-aa02-4897-8688-7296acc7633e\" target=\"_blank\" class=\"button secondary is-larger\"  style=\"border-radius:99px;\">\n    <span>gratis offerte<\/span>\n  <\/a>\n\n\n<h3>KOSTENLOS UND OHNE VERPFLICHTUNG<\/h3>\n<p><a href=\"https:\/\/www.umzugsbewertung.ch\/listing\/firma\/topo-transport-sarl\/\" target=\"_blank\" rel=\"noopener\"><img decoding=\"async\" class=\"alignnone wp-image-565 lazyload\" data-src=\"https:\/\/www.topotransport.ch\/wp-content\/uploads\/2020\/12\/qualitaets-logo-300x236.png\" alt=\"Qualit\u00e4tslogo umzugsbewertung.ch\" width=\"142\" height=\"112\" data-srcset=\"https:\/\/topotransport.ch\/wp-content\/uploads\/2020\/12\/qualitaets-logo-300x236.png 300w, https:\/\/topotransport.ch\/wp-content\/uploads\/2020\/12\/qualitaets-logo-768x604.png 768w, https:\/\/topotransport.ch\/wp-content\/uploads\/2020\/12\/qualitaets-logo.png 928w\" data-sizes=\"(max-width: 142px) 100vw, 142px\" src=\"data:image\/svg+xml;base64,PHN2ZyB3aWR0aD0iMSIgaGVpZ2h0PSIxIiB4bWxucz0iaHR0cDovL3d3dy53My5vcmcvMjAwMC9zdmciPjwvc3ZnPg==\" style=\"--smush-placeholder-width: 142px; --smush-placeholder-aspect-ratio: 142\/112;\" \/><\/a><\/p>\n<div class=\"gap-element clearfix\" style=\"display:block; height:auto; padding-top:20px\"><\/div>\n\n\n<\/div><\/div>\n\n<\/div>\n\n\t\t<\/div><!-- .section-content -->\n\n\t\t\n<style scope=\"scope\">\n\n#section_1011577663 {\n  padding-top: 30px;\n  padding-bottom: 30px;\n}\n#section_1011577663 .section-bg.bg-loaded {\n  background-image: url(https:\/\/topotransport.ch\/wp-content\/uploads\/2019\/06\/topo-transport-demenagement-nettoyage-debarras-suisse-romande-alemanique-devis-gratuit-13.jpg);\n}\n<\/style>\n\t<\/section>\n\t\n","protected":false},"excerpt":{"rendered":"","protected":false},"author":3,"featured_media":0,"parent":0,"menu_order":0,"comment_status":"closed","ping_status":"closed","template":"page-blank.php","meta":{"footnotes":""},"yoast_head":"<!-- This site is optimized with the Yoast SEO plugin v24.4 - https:\/\/yoast.com\/wordpress\/plugins\/seo\/ -->\n<title>Impressum - Topo Transport GmbH<\/title>\n<meta name=\"robots\" content=\"index, follow, max-snippet:-1, max-image-preview:large, max-video-preview:-1\" \/>\n<link rel=\"canonical\" href=\"https:\/\/topotransport.ch\/de\/impressum\/\" \/>\n<meta property=\"og:locale\" content=\"de_DE\" \/>\n<meta property=\"og:type\" content=\"article\" \/>\n<meta property=\"og:title\" content=\"Impressum - Topo Transport GmbH\" \/>\n<meta property=\"og:url\" content=\"https:\/\/topotransport.ch\/de\/impressum\/\" \/>\n<meta property=\"og:site_name\" content=\"Topo Transport GmbH \u2014 Experte f\u00fcr Umzug und Reinigung | Schweiz\" \/>\n<meta property=\"article:publisher\" content=\"https:\/\/www.facebook.com\/profile.php?id=100090889622955\" \/>\n<meta property=\"article:modified_time\" content=\"2024-03-21T15:20:31+00:00\" \/>\n<meta property=\"og:image\" content=\"https:\/\/www.topotransport.ch\/wp-content\/uploads\/2020\/12\/qualitaets-logo-300x236.png\" \/>\n<meta name=\"twitter:card\" content=\"summary_large_image\" \/>\n<meta name=\"twitter:label1\" content=\"Gesch\u00e4tzte Lesezeit\" \/>\n\t<meta name=\"twitter:data1\" content=\"2\u00a0Minuten\" \/>\n<!-- \/ Yoast SEO plugin. -->","yoast_head_json":{"title":"Impressum - Topo Transport GmbH","robots":{"index":"index","follow":"follow","max-snippet":"max-snippet:-1","max-image-preview":"max-image-preview:large","max-video-preview":"max-video-preview:-1"},"canonical":"https:\/\/topotransport.ch\/de\/impressum\/","og_locale":"de_DE","og_type":"article","og_title":"Impressum - Topo Transport GmbH","og_url":"https:\/\/topotransport.ch\/de\/impressum\/","og_site_name":"Topo Transport GmbH \u2014 Experte f\u00fcr Umzug und Reinigung | Schweiz","article_publisher":"https:\/\/www.facebook.com\/profile.php?id=100090889622955","article_modified_time":"2024-03-21T15:20:31+00:00","og_image":[{"url":"https:\/\/www.topotransport.ch\/wp-content\/uploads\/2020\/12\/qualitaets-logo-300x236.png","type":"","width":"","height":""}],"twitter_card":"summary_large_image","twitter_misc":{"Gesch\u00e4tzte Lesezeit":"2\u00a0Minuten"},"schema":{"@context":"https:\/\/schema.org","@graph":[{"@type":"WebPage","@id":"https:\/\/topotransport.ch\/de\/impressum\/","url":"https:\/\/topotransport.ch\/de\/impressum\/","name":"Impressum - Topo Transport GmbH","isPartOf":{"@id":"https:\/\/topotransport.ch\/de\/#website"},"primaryImageOfPage":{"@id":"https:\/\/topotransport.ch\/de\/impressum\/#primaryimage"},"image":{"@id":"https:\/\/topotransport.ch\/de\/impressum\/#primaryimage"},"thumbnailUrl":"https:\/\/www.topotransport.ch\/wp-content\/uploads\/2020\/12\/qualitaets-logo-300x236.png","datePublished":"2023-09-07T13:58:05+00:00","dateModified":"2024-03-21T15:20:31+00:00","breadcrumb":{"@id":"https:\/\/topotransport.ch\/de\/impressum\/#breadcrumb"},"inLanguage":"de","potentialAction":[{"@type":"ReadAction","target":["https:\/\/topotransport.ch\/de\/impressum\/"]}]},{"@type":"ImageObject","inLanguage":"de","@id":"https:\/\/topotransport.ch\/de\/impressum\/#primaryimage","url":"https:\/\/www.topotransport.ch\/wp-content\/uploads\/2020\/12\/qualitaets-logo-300x236.png","contentUrl":"https:\/\/www.topotransport.ch\/wp-content\/uploads\/2020\/12\/qualitaets-logo-300x236.png"},{"@type":"BreadcrumbList","@id":"https:\/\/topotransport.ch\/de\/impressum\/#breadcrumb","itemListElement":[{"@type":"ListItem","position":1,"name":"Accueil","item":"https:\/\/topotransport.ch\/de\/"},{"@type":"ListItem","position":2,"name":"Impressum"}]},{"@type":"WebSite","@id":"https:\/\/topotransport.ch\/de\/#website","url":"https:\/\/topotransport.ch\/de\/","name":"Umzugsfirma \u00bb Topo Transport Gmbh \u00bb Umziehen zum Festpreis","description":"","publisher":{"@id":"https:\/\/topotransport.ch\/de\/#organization"},"potentialAction":[{"@type":"SearchAction","target":{"@type":"EntryPoint","urlTemplate":"https:\/\/topotransport.ch\/de\/?s={search_term_string}"},"query-input":{"@type":"PropertyValueSpecification","valueRequired":true,"valueName":"search_term_string"}}],"inLanguage":"de"},{"@type":"Organization","@id":"https:\/\/topotransport.ch\/de\/#organization","name":"Umzugsfirma \u00bb Topo Transport Gmbh \u00bb Umziehen zum Festpreis","url":"https:\/\/topotransport.ch\/de\/","logo":{"@type":"ImageObject","inLanguage":"de","@id":"https:\/\/topotransport.ch\/de\/#\/schema\/logo\/image\/","url":"https:\/\/topotransport.ch\/wp-content\/uploads\/2023\/06\/Umzugsfirma-Topo-Transport-Gmbh-Umziehen-zum-Festpreis.png","contentUrl":"https:\/\/topotransport.ch\/wp-content\/uploads\/2023\/06\/Umzugsfirma-Topo-Transport-Gmbh-Umziehen-zum-Festpreis.png","width":981,"height":800,"caption":"Umzugsfirma \u00bb Topo Transport Gmbh \u00bb Umziehen zum Festpreis"},"image":{"@id":"https:\/\/topotransport.ch\/de\/#\/schema\/logo\/image\/"},"sameAs":["https:\/\/www.facebook.com\/profile.php?id=100090889622955"]}]}},"_links":{"self":[{"href":"https:\/\/topotransport.ch\/de\/wp-json\/wp\/v2\/pages\/1052"}],"collection":[{"href":"https:\/\/topotransport.ch\/de\/wp-json\/wp\/v2\/pages"}],"about":[{"href":"https:\/\/topotransport.ch\/de\/wp-json\/wp\/v2\/types\/page"}],"author":[{"embeddable":true,"href":"https:\/\/topotransport.ch\/de\/wp-json\/wp\/v2\/users\/3"}],"replies":[{"embeddable":true,"href":"https:\/\/topotransport.ch\/de\/wp-json\/wp\/v2\/comments?post=1052"}],"version-history":[{"count":4,"href":"https:\/\/topotransport.ch\/de\/wp-json\/wp\/v2\/pages\/1052\/revisions"}],"predecessor-version":[{"id":1113,"href":"https:\/\/topotransport.ch\/de\/wp-json\/wp\/v2\/pages\/1052\/revisions\/1113"}],"wp:attachment":[{"href":"https:\/\/topotransport.ch\/de\/wp-json\/wp\/v2\/media?parent=1052"}],"curies":[{"name":"wp","href":"https:\/\/api.w.org\/{rel}","templated":true}]}}