{"id":1055,"date":"2023-09-07T16:00:09","date_gmt":"2023-09-07T14:00:09","guid":{"rendered":"https:\/\/topotransport.ch\/?page_id=1055"},"modified":"2023-09-07T16:19:46","modified_gmt":"2023-09-07T14:19:46","slug":"datenschutzrichtlinie","status":"publish","type":"page","link":"https:\/\/topotransport.ch\/de\/datenschutzrichtlinie\/","title":{"rendered":"Datenschutzrichtlinie"},"content":{"rendered":"<div class=\"row align-middle\"  id=\"row-1409808404\">\n<div class=\"col small-12 large-12\"  ><div class=\"col-inner text-center\" style=\"padding:0 0px 0px 0px;\" >\n<h1 style=\"margin-bottom: 0px;\">Datenschutzrichtlinie<\/h1>\n<\/div><\/div>\n<div class=\"col text01 small-12 large-12\"  ><div class=\"col-inner text-left\"  >\n<p><strong>Die Datenschutzerkl\u00e4rung kann jederzeit ge\u00e4ndert oder erg\u00e4nzt werden. Das Ziel besteht darin, alle gesetzlichen, beh\u00f6rdlichen, rechtswissenschaftlichen oder technologischen Entwicklungen einzuhalten und Sie als Benutzer zu warnen.<\/strong><\/p>\n<p>Diese Datenschutzrichtlinie kann sich im Laufe der Zeit \u00e4ndern. Im Falle zuk\u00fcnftiger \u00c4nderungen oder zus\u00e4tzlicher Informationen wird das Datum der Aktualisierung oben in dieser Richtlinie deutlich angegeben. Daher sollte der Benutzer diese Vertraulichkeits- und Cookie-Nutzungsrichtlinie regelm\u00e4\u00dfig konsultieren, um \u00fcber etwaige \u00c4nderungen informiert zu sein.<\/p>\n<p><strong>Sammlung von Informationen<\/strong><\/p>\n<p>Wir erfassen Informationen, wenn Sie sich auf unserer Website registrieren oder uns auf der Kontaktseite schreiben. Zu den erfassten Informationen geh\u00f6ren Ihr Name und Ihre E-Mail-Adresse.<\/p>\n<p>Dar\u00fcber hinaus empfangen und zeichnen wir automatisch Informationen von Ihrem Computer und Browser auf, einschlie\u00dflich Ihrer IP-Adresse, Software und Hardware sowie der von Ihnen angeforderten Seite.<\/p>\n<p><strong>Verwendung von Informationen<\/strong><\/p>\n<p>Alle Informationen, die wir von Ihnen sammeln, k\u00f6nnen verwendet werden f\u00fcr :<\/p>\n<ul>\n<li>Personalisieren Sie Ihr Erlebnis und erf\u00fcllen Sie Ihre individuellen Bed\u00fcrfnisse,<\/li>\n<li>Bereitstellung personalisierter Werbeinhalte,<\/li>\n<li>Verbessern Sie unsere Website,<\/li>\n<li>Verbesserung des Kundenservice und Ihres Supportbedarfs,<\/li>\n<li>Kontaktieren Sie Sie per E-Mail.<\/li>\n<\/ul>\n<p><strong>Weitergabe an Dritte<\/strong><\/p>\n<p>Wir verkaufen, handeln oder \u00fcbertragen Ihre personenbezogenen Daten nicht an Dritte. Dies gilt nicht f\u00fcr vertrauensw\u00fcrdige Dritte, die uns beim Betrieb unserer Website oder bei der F\u00fchrung unserer Gesch\u00e4fte unterst\u00fctzen, sofern diese Parteien sich verpflichten, diese Informationen vertraulich zu behandeln.<\/p>\n<p>Wir glauben, dass es notwendig ist, Informationen weiterzugeben, um illegale Aktivit\u00e4ten, mutma\u00dflichen Betrug, Situationen mit potenziellen Bedrohungen f\u00fcr die k\u00f6rperliche Sicherheit von Personen, Verst\u00f6\u00dfe gegen unsere Nutzungsbedingungen zu untersuchen, zu verhindern oder entsprechende Ma\u00dfnahmen zu ergreifen, oder wenn dies erforderlich ist Gesetz.<\/p>\n<p>Nicht-private Informationen k\u00f6nnen jedoch an andere Parteien f\u00fcr Marketing-, Werbe- oder andere Zwecke weitergegeben werden.<\/p>\n<p><strong>Datenschutz<\/strong><\/p>\n<p>Wir implementieren verschiedene Sicherheitsma\u00dfnahmen, um Ihre pers\u00f6nlichen Daten zu sch\u00fctzen (SSL, DSGVO). Zum Schutz vertraulicher online \u00fcbertragener Informationen verwenden wir modernste Verschl\u00fcsselung. Wir sch\u00fctzen Ihre Daten auch offline. Nur Mitarbeiter, die eine bestimmte Aufgabe ausf\u00fchren m\u00fcssen (z. B. Rechnungsstellung oder Kundendienst), haben Zugriff auf personenbezogene Daten. Computer und Server, auf denen personenbezogene Daten gespeichert werden, werden in einer sicheren Umgebung aufbewahrt.<\/p>\n<p><strong>Verwenden wir Cookies ?<\/strong><\/p>\n<p>Ja. Unsere Cookies verbessern den Zugriff auf unsere Website und identifizieren wiederkehrende Besucher. Dar\u00fcber hinaus verbessern unsere Cookies das Benutzererlebnis, indem sie ihre Interessen verfolgen und gezielt darauf abzielen. Diese Verwendung von Cookies ist jedoch in keiner Weise mit personenbezogenen Daten auf unserer Website verkn\u00fcpft.<\/p>\n<p><strong>Abmelden<\/strong><\/p>\n<p>Wir nutzen die von Ihnen angegebene E-Mail-Adresse, um Ihnen Informationen zu senden, beispielsweise per E-Mail. Wenn Sie sich zu irgendeinem Zeitpunkt abmelden und unsere Mailings nicht mehr erhalten m\u00f6chten, finden Sie unten in jeder E-Mail detaillierte Anweisungen zum Abbestellen.<\/p>\n<p><strong>Einwilligung<\/strong><\/p>\n<p>Durch die Nutzung unserer Website stimmen Sie unserer Datenschutzerkl\u00e4rung zu.<\/p>\n<\/div><\/div>\n\n<style scope=\"scope\">\n\n#row-1409808404 > .col > .col-inner {\n  padding: 50p 0px 0px 0px;\n}\n<\/style>\n<\/div>\n\t<section class=\"section has-parallax\" id=\"section_778904356\">\n\t\t<div class=\"bg section-bg fill bg-fill  \" data-parallax-container=\".section\" data-parallax-background data-parallax=\"-3\">\n\n\t\t\t\n\t\t\t\n\t\t\t\n\n\t\t<\/div><!-- .section-bg -->\n\n\t\t<div class=\"section-content relative\">\n\t\t\t\n<div class=\"gap-element clearfix\" style=\"display:block; height:auto; padding-top:130px\"><\/div>\n<div class=\"gap-element clearfix\" style=\"display:block; height:auto; padding-top:130px\"><\/div>\n<div class=\"row\"  id=\"row-1208222978\">\n<div class=\"col medium-4 small-12 large-4\"  ><div class=\"col-inner text-right dark\"  >\n<\/div><\/div>\n<div class=\"col medium-8 small-12 large-8\"  ><div class=\"col-inner text-right dark\"  >\n<h2>Wollen Sie umziehen ?<br \/>\nBen\u00f6tigen Sie einen Reinigungsservice ?<\/h2>\n<div class=\"gap-element clearfix\" style=\"display:block; height:auto; padding-top:10px\"><\/div>\n<p>Unser Team steht Ihnen gerne zur Verf\u00fcgung, um ein unverbindliches Angebot zu erstellen. Arbeiten Sie mit uns zusammen, um von einer professionellen und pers\u00f6nlichen Begleitung zu profitieren.<br \/>\nWir w\u00fcrden uns freuen, mit Ihnen zusammenzuarbeiten, <strong>Kontaktieren Sie uns jetzt<\/strong> !<\/p>\n<a rel=\"noopener noreferrer\" href=\"https:\/\/service.bixin.ch\/de\/lead?provider_token=51d3e411-aa02-4897-8688-7296acc7633e\" target=\"_blank\" class=\"button secondary is-larger\"  style=\"border-radius:99px;\">\n    <span>gratis offerte<\/span>\n  <\/a>\n\n<h3>KOSTENLOS UND OHNE VERPFLICHTUNG<\/h3>\n<p><a href=\"https:\/\/www.umzugsbewertung.ch\/listing\/firma\/topo-transport-sarl\/\" target=\"_blank\" rel=\"noopener\"><img decoding=\"async\" class=\"alignnone wp-image-565 lazyload\" data-src=\"https:\/\/www.topotransport.ch\/wp-content\/uploads\/2020\/12\/qualitaets-logo-300x236.png\" alt=\"Qualit\u00e4tslogo umzugsbewertung.ch\" width=\"142\" height=\"112\" data-srcset=\"https:\/\/topotransport.ch\/wp-content\/uploads\/2020\/12\/qualitaets-logo-300x236.png 300w, https:\/\/topotransport.ch\/wp-content\/uploads\/2020\/12\/qualitaets-logo-768x604.png 768w, https:\/\/topotransport.ch\/wp-content\/uploads\/2020\/12\/qualitaets-logo.png 928w\" data-sizes=\"(max-width: 142px) 100vw, 142px\" src=\"data:image\/svg+xml;base64,PHN2ZyB3aWR0aD0iMSIgaGVpZ2h0PSIxIiB4bWxucz0iaHR0cDovL3d3dy53My5vcmcvMjAwMC9zdmciPjwvc3ZnPg==\" style=\"--smush-placeholder-width: 142px; --smush-placeholder-aspect-ratio: 142\/112;\" \/><\/a><\/p>\n<div class=\"gap-element clearfix\" style=\"display:block; height:auto; padding-top:20px\"><\/div>\n<\/div><\/div>\n<\/div>\n\t\t<\/div><!-- .section-content -->\n\n\t\t\n<style scope=\"scope\">\n\n#section_778904356 {\n  padding-top: 30px;\n  padding-bottom: 30px;\n}\n#section_778904356 .section-bg.bg-loaded {\n  background-image: url(https:\/\/topotransport.ch\/wp-content\/uploads\/2019\/06\/topo-transport-demenagement-nettoyage-debarras-suisse-romande-alemanique-devis-gratuit-13.jpg);\n}\n<\/style>\n\t<\/section>\n\t\n","protected":false},"excerpt":{"rendered":"","protected":false},"author":3,"featured_media":0,"parent":0,"menu_order":0,"comment_status":"closed","ping_status":"closed","template":"page-blank.php","meta":{"footnotes":""},"yoast_head":"<!-- This site is optimized with the Yoast SEO plugin v24.4 - https:\/\/yoast.com\/wordpress\/plugins\/seo\/ -->\n<title>Datenschutzrichtlinie - Topo Transport GmbH \u2014 Experte f\u00fcr Umzug und Reinigung | Schweiz<\/title>\n<meta name=\"robots\" content=\"index, follow, max-snippet:-1, max-image-preview:large, max-video-preview:-1\" \/>\n<link rel=\"canonical\" href=\"https:\/\/topotransport.ch\/de\/datenschutzrichtlinie\/\" \/>\n<meta property=\"og:locale\" content=\"de_DE\" \/>\n<meta property=\"og:type\" content=\"article\" \/>\n<meta property=\"og:title\" content=\"Datenschutzrichtlinie - Topo Transport GmbH \u2014 Experte f\u00fcr Umzug und Reinigung | Schweiz\" \/>\n<meta property=\"og:url\" content=\"https:\/\/topotransport.ch\/de\/datenschutzrichtlinie\/\" \/>\n<meta property=\"og:site_name\" content=\"Topo Transport GmbH \u2014 Experte f\u00fcr Umzug und Reinigung | Schweiz\" \/>\n<meta property=\"article:publisher\" content=\"https:\/\/www.facebook.com\/profile.php?id=100090889622955\" \/>\n<meta property=\"article:modified_time\" content=\"2023-09-07T14:19:46+00:00\" \/>\n<meta property=\"og:image\" content=\"https:\/\/www.topotransport.ch\/wp-content\/uploads\/2020\/12\/qualitaets-logo-300x236.png\" \/>\n<meta name=\"twitter:card\" content=\"summary_large_image\" \/>\n<meta name=\"twitter:label1\" content=\"Gesch\u00e4tzte Lesezeit\" \/>\n\t<meta name=\"twitter:data1\" content=\"3\u00a0Minuten\" \/>\n<!-- \/ Yoast SEO plugin. -->","yoast_head_json":{"title":"Datenschutzrichtlinie - Topo Transport GmbH \u2014 Experte f\u00fcr Umzug und Reinigung | Schweiz","robots":{"index":"index","follow":"follow","max-snippet":"max-snippet:-1","max-image-preview":"max-image-preview:large","max-video-preview":"max-video-preview:-1"},"canonical":"https:\/\/topotransport.ch\/de\/datenschutzrichtlinie\/","og_locale":"de_DE","og_type":"article","og_title":"Datenschutzrichtlinie - Topo Transport GmbH \u2014 Experte f\u00fcr Umzug und Reinigung | Schweiz","og_url":"https:\/\/topotransport.ch\/de\/datenschutzrichtlinie\/","og_site_name":"Topo Transport GmbH \u2014 Experte f\u00fcr Umzug und Reinigung | Schweiz","article_publisher":"https:\/\/www.facebook.com\/profile.php?id=100090889622955","article_modified_time":"2023-09-07T14:19:46+00:00","og_image":[{"url":"https:\/\/www.topotransport.ch\/wp-content\/uploads\/2020\/12\/qualitaets-logo-300x236.png","type":"","width":"","height":""}],"twitter_card":"summary_large_image","twitter_misc":{"Gesch\u00e4tzte Lesezeit":"3\u00a0Minuten"},"schema":{"@context":"https:\/\/schema.org","@graph":[{"@type":"WebPage","@id":"https:\/\/topotransport.ch\/de\/datenschutzrichtlinie\/","url":"https:\/\/topotransport.ch\/de\/datenschutzrichtlinie\/","name":"Datenschutzrichtlinie - Topo Transport GmbH \u2014 Experte f\u00fcr Umzug und Reinigung | Schweiz","isPartOf":{"@id":"https:\/\/topotransport.ch\/de\/#website"},"primaryImageOfPage":{"@id":"https:\/\/topotransport.ch\/de\/datenschutzrichtlinie\/#primaryimage"},"image":{"@id":"https:\/\/topotransport.ch\/de\/datenschutzrichtlinie\/#primaryimage"},"thumbnailUrl":"https:\/\/www.topotransport.ch\/wp-content\/uploads\/2020\/12\/qualitaets-logo-300x236.png","datePublished":"2023-09-07T14:00:09+00:00","dateModified":"2023-09-07T14:19:46+00:00","breadcrumb":{"@id":"https:\/\/topotransport.ch\/de\/datenschutzrichtlinie\/#breadcrumb"},"inLanguage":"de","potentialAction":[{"@type":"ReadAction","target":["https:\/\/topotransport.ch\/de\/datenschutzrichtlinie\/"]}]},{"@type":"ImageObject","inLanguage":"de","@id":"https:\/\/topotransport.ch\/de\/datenschutzrichtlinie\/#primaryimage","url":"https:\/\/www.topotransport.ch\/wp-content\/uploads\/2020\/12\/qualitaets-logo-300x236.png","contentUrl":"https:\/\/www.topotransport.ch\/wp-content\/uploads\/2020\/12\/qualitaets-logo-300x236.png"},{"@type":"BreadcrumbList","@id":"https:\/\/topotransport.ch\/de\/datenschutzrichtlinie\/#breadcrumb","itemListElement":[{"@type":"ListItem","position":1,"name":"Accueil","item":"https:\/\/topotransport.ch\/de\/"},{"@type":"ListItem","position":2,"name":"Datenschutzrichtlinie"}]},{"@type":"WebSite","@id":"https:\/\/topotransport.ch\/de\/#website","url":"https:\/\/topotransport.ch\/de\/","name":"Umzugsfirma \u00bb Topo Transport Gmbh \u00bb Umziehen zum Festpreis","description":"","publisher":{"@id":"https:\/\/topotransport.ch\/de\/#organization"},"potentialAction":[{"@type":"SearchAction","target":{"@type":"EntryPoint","urlTemplate":"https:\/\/topotransport.ch\/de\/?s={search_term_string}"},"query-input":{"@type":"PropertyValueSpecification","valueRequired":true,"valueName":"search_term_string"}}],"inLanguage":"de"},{"@type":"Organization","@id":"https:\/\/topotransport.ch\/de\/#organization","name":"Umzugsfirma \u00bb Topo Transport Gmbh \u00bb Umziehen zum Festpreis","url":"https:\/\/topotransport.ch\/de\/","logo":{"@type":"ImageObject","inLanguage":"de","@id":"https:\/\/topotransport.ch\/de\/#\/schema\/logo\/image\/","url":"https:\/\/topotransport.ch\/wp-content\/uploads\/2023\/06\/Umzugsfirma-Topo-Transport-Gmbh-Umziehen-zum-Festpreis.png","contentUrl":"https:\/\/topotransport.ch\/wp-content\/uploads\/2023\/06\/Umzugsfirma-Topo-Transport-Gmbh-Umziehen-zum-Festpreis.png","width":981,"height":800,"caption":"Umzugsfirma \u00bb Topo Transport Gmbh \u00bb Umziehen zum Festpreis"},"image":{"@id":"https:\/\/topotransport.ch\/de\/#\/schema\/logo\/image\/"},"sameAs":["https:\/\/www.facebook.com\/profile.php?id=100090889622955"]}]}},"_links":{"self":[{"href":"https:\/\/topotransport.ch\/de\/wp-json\/wp\/v2\/pages\/1055"}],"collection":[{"href":"https:\/\/topotransport.ch\/de\/wp-json\/wp\/v2\/pages"}],"about":[{"href":"https:\/\/topotransport.ch\/de\/wp-json\/wp\/v2\/types\/page"}],"author":[{"embeddable":true,"href":"https:\/\/topotransport.ch\/de\/wp-json\/wp\/v2\/users\/3"}],"replies":[{"embeddable":true,"href":"https:\/\/topotransport.ch\/de\/wp-json\/wp\/v2\/comments?post=1055"}],"version-history":[{"count":5,"href":"https:\/\/topotransport.ch\/de\/wp-json\/wp\/v2\/pages\/1055\/revisions"}],"predecessor-version":[{"id":1066,"href":"https:\/\/topotransport.ch\/de\/wp-json\/wp\/v2\/pages\/1055\/revisions\/1066"}],"wp:attachment":[{"href":"https:\/\/topotransport.ch\/de\/wp-json\/wp\/v2\/media?parent=1055"}],"curies":[{"name":"wp","href":"https:\/\/api.w.org\/{rel}","templated":true}]}}