{"id":404,"date":"2019-06-27T22:49:55","date_gmt":"2019-06-27T20:49:55","guid":{"rendered":"https:\/\/www.topotransport.ch\/?page_id=404"},"modified":"2025-02-14T01:38:42","modified_gmt":"2025-02-14T00:38:42","slug":"kontakt","status":"publish","type":"page","link":"https:\/\/topotransport.ch\/de\/kontakt\/","title":{"rendered":"Kontakt"},"content":{"rendered":"\n<div class=\"row\"  id=\"row-8513135\">\n\n<div class=\"col small-12 large-12\"  ><div class=\"col-inner text-center\"  >\n\n<h2>Unser Team steht zu Ihrer Verf\u00fcgung,<br \/>\nZ\u00f6gern Sie nicht, uns f\u00fcr weitere Informationen zu kontaktieren.<\/h2>\n<div class=\"gap-element clearfix\" style=\"display:block; height:auto; padding-top:40px\"><\/div>\n\n<div class=\"row\"  id=\"row-582846979\">\n\n<div class=\"col medium-4 small-12 large-4\"  data-animate=\"fadeInDown\"><div class=\"col-inner text-center\"  >\n\n<p><img decoding=\"async\" data-src=\"https:\/\/www.topotransport.ch\/wp-content\/uploads\/2019\/06\/topo-transport-demenagement-nettoyage-debarras-suisse-romande-alemanique-devis-gratuit-25.png\" alt=\"topo transport, d\u00e9m\u00e9nagement, nettoyage, d\u00e9barras, suisse romande, al\u00e9manique, devis gratuit\" width=\"90\" src=\"data:image\/svg+xml;base64,PHN2ZyB3aWR0aD0iMSIgaGVpZ2h0PSIxIiB4bWxucz0iaHR0cDovL3d3dy53My5vcmcvMjAwMC9zdmciPjwvc3ZnPg==\" class=\"lazyload\" \/><\/p>\n<h3 style=\"margin-top: -10px;\">Telefon<\/h3>\n<p><a style=\"color: #000000;\" href=\"tel:+41764188741\">+41 76 418 87 41<\/a><\/p>\n\n<\/div><\/div>\n<div class=\"col medium-4 small-12 large-4\"  data-animate=\"fadeInDown\"><div class=\"col-inner text-center\"  >\n\n<p><img decoding=\"async\" data-src=\"https:\/\/www.topotransport.ch\/wp-content\/uploads\/2019\/06\/topo-transport-demenagement-nettoyage-debarras-suisse-romande-alemanique-devis-gratuit-26.png\" alt=\"topo transport, d\u00e9m\u00e9nagement, nettoyage, d\u00e9barras, suisse romande, al\u00e9manique, devis gratuit\" width=\"90\" src=\"data:image\/svg+xml;base64,PHN2ZyB3aWR0aD0iMSIgaGVpZ2h0PSIxIiB4bWxucz0iaHR0cDovL3d3dy53My5vcmcvMjAwMC9zdmciPjwvc3ZnPg==\" class=\"lazyload\" \/><\/p>\n<h3 style=\"margin-top: -10px;\">Adresse<\/h3>\n<p>CH-4600 Olten<\/p>\n\n<\/div><\/div>\n<div class=\"col medium-4 small-12 large-4\"  data-animate=\"fadeInDown\"><div class=\"col-inner text-center\"  >\n\n<p><img decoding=\"async\" data-src=\"https:\/\/www.topotransport.ch\/wp-content\/uploads\/2019\/06\/topo-transport-demenagement-nettoyage-debarras-suisse-romande-alemanique-devis-gratuit-27.png\" alt=\"topo transport, d\u00e9m\u00e9nagement, nettoyage, d\u00e9barras, suisse romande, al\u00e9manique, devis gratuit\" width=\"90\" src=\"data:image\/svg+xml;base64,PHN2ZyB3aWR0aD0iMSIgaGVpZ2h0PSIxIiB4bWxucz0iaHR0cDovL3d3dy53My5vcmcvMjAwMC9zdmciPjwvc3ZnPg==\" class=\"lazyload\" \/><\/p>\n<h3 style=\"margin-top: -10px;\">E-mail<\/h3>\n<p><a style=\"color: #000000;\" href=\"mailto:info@topotransport.com\">info@topotransport.com<\/a><\/p>\n\n<\/div><\/div>\n\n<\/div>\n\n<\/div><\/div>\n\n\n<style scope=\"scope\">\n\n#row-8513135 > .col > .col-inner {\n  padding: 80px 0px 0px 0px;\n}\n<\/style>\n<\/div>\n\t<section class=\"section fond03\" id=\"section_1143912962\">\n\t\t<div class=\"bg section-bg fill bg-fill  bg-loaded\" >\n\n\t\t\t\n\t\t\t\n\t\t\t\n\n\t\t<\/div><!-- .section-bg -->\n\n\t\t<div class=\"section-content relative\">\n\t\t\t\n\n<div class=\"gap-element clearfix\" style=\"display:block; height:auto; padding-top:70px\"><\/div>\n\n<div class=\"contact-container\">\n    <h3>Wir erstellen Ihnen gerne eine kostenlose Offerte<\/h3>\n    <div class=\"contact-options\">\n        <p>\ud83d\udccd <strong>Option 1:<\/strong> Vereinbaren Sie einen Hausbesuch (kostenlos und unverbindlich, ca. 20 Minuten), um das gesamte Inventar aufzunehmen.<\/p>\n        <p>\ud83d\udcf8 <strong>Option 2:<\/strong> Senden Sie uns eine schriftliche Liste, Fotos oder ein Video \u00fcber:<\/p>\n\n        <div class=\"contact-links\">\n            <a id=\"sms-link\" href=\"#\">\n                \ud83d\udcac SMS senden\n            <\/a> \n            <a href=\"https:\/\/wa.me\/41764188741?text=Hallo,%20ich%20m\u00f6chte%20eine%20kostenlose%20Offerte%20f\u00fcr%20meinen%20Umzug\/Reinigung%20nach%20dem%20Umzug%20erhalten.%20Hier%20ist%20mein%20Inventar%20als%20schriftliche%20Liste,%20Foto%20oder%20Video.%20Vielen%20Dank!\" target=\"_blank\" rel=\"noopener\">\n                <img decoding=\"async\" data-src=\"https:\/\/upload.wikimedia.org\/wikipedia\/commons\/6\/6b\/WhatsApp.svg\" alt=\"WhatsApp\" class=\"whatsapp-icon lazyload\" src=\"data:image\/svg+xml;base64,PHN2ZyB3aWR0aD0iMSIgaGVpZ2h0PSIxIiB4bWxucz0iaHR0cDovL3d3dy53My5vcmcvMjAwMC9zdmciPjwvc3ZnPg==\"> WhatsApp\n            <\/a> \n            <a href=\"mailto:info@topotransport.com?subject=Offertenanfrage&#038;body=Hallo,%20ich%20m\u00f6chte%20eine%20kostenlose%20Offerte%20f\u00fcr%20meinen%20Umzug\/Reinigung%20nach%20dem%20Umzug%20erhalten.%20Hier%20ist%20mein%20Inventar%20als%20schriftliche%20Liste,%20Foto%20oder%20Video.%20Vielen%20Dank!\">\n                \u2709\ufe0f E-Mail\n            <\/a>\n        <\/div>\n\n        <!-- Ajout d'un espace apr\u00e8s le bloc des liens -->\n        <p style=\"margin-bottom: 20px;\"><\/p>\n\n        <p>\ud83d\udcc4 Auf dieser Grundlage erhalten Sie innerhalb von 24 Stunden ein Fixpreisangebot, das auf dem von Ihnen angegebenen Inventar basiert.<\/p>\n    <\/div>\n<\/div>\n\n\t\t<\/div><!-- .section-content -->\n\n\t\t\n<style scope=\"scope\">\n\n#section_1143912962 {\n  padding-top: 30px;\n  padding-bottom: 30px;\n}\n<\/style>\n\t<\/section>\n\t\n\t<section class=\"section fond03\" id=\"section_27481351\">\n\t\t<div class=\"bg section-bg fill bg-fill  bg-loaded\" >\n\n\t\t\t\n\t\t\t\n\t\t\t\n\n\t\t<\/div><!-- .section-bg -->\n\n\t\t<div class=\"section-content relative\">\n\t\t\t\n\n<div class=\"gap-element clearfix\" style=\"display:block; height:auto; padding-top:70px\"><\/div>\n\n<div class=\"row\"  id=\"row-2061173947\">\n\n<div class=\"col small-12 large-12\"  ><div class=\"col-inner text-center\"  >\n\n<h2>Kontaktformular<\/h2>\n<div class=\"gap-element clearfix\" style=\"display:block; height:auto; padding-top:5px\"><\/div>\n\n<div class=\"row\"  id=\"row-797048699\">\n\n<div class=\"col medium-2 small-12 large-2\"  ><div class=\"col-inner\"  >\n\n\n<\/div><\/div>\n<div class=\"col medium-8 small-12 large-8\"  ><div class=\"col-inner\"  >\n\n<script type=\"text\/javascript\">var gform;gform||(document.addEventListener(\"gform_main_scripts_loaded\",function(){gform.scriptsLoaded=!0}),window.addEventListener(\"DOMContentLoaded\",function(){gform.domLoaded=!0}),gform={domLoaded:!1,scriptsLoaded:!1,initializeOnLoaded:function(o){gform.domLoaded&&gform.scriptsLoaded?o():!gform.domLoaded&&gform.scriptsLoaded?window.addEventListener(\"DOMContentLoaded\",o):document.addEventListener(\"gform_main_scripts_loaded\",o)},hooks:{action:{},filter:{}},addAction:function(o,n,r,t){gform.addHook(\"action\",o,n,r,t)},addFilter:function(o,n,r,t){gform.addHook(\"filter\",o,n,r,t)},doAction:function(o){gform.doHook(\"action\",o,arguments)},applyFilters:function(o){return gform.doHook(\"filter\",o,arguments)},removeAction:function(o,n){gform.removeHook(\"action\",o,n)},removeFilter:function(o,n,r){gform.removeHook(\"filter\",o,n,r)},addHook:function(o,n,r,t,i){null==gform.hooks[o][n]&&(gform.hooks[o][n]=[]);var e=gform.hooks[o][n];null==i&&(i=n+\"_\"+e.length),gform.hooks[o][n].push({tag:i,callable:r,priority:t=null==t?10:t})},doHook:function(n,o,r){var t;if(r=Array.prototype.slice.call(r,1),null!=gform.hooks[n][o]&&((o=gform.hooks[n][o]).sort(function(o,n){return o.priority-n.priority}),o.forEach(function(o){\"function\"!=typeof(t=o.callable)&&(t=window[t]),\"action\"==n?t.apply(null,r):r[0]=t.apply(null,r)})),\"filter\"==n)return r[0]},removeHook:function(o,n,t,i){var r;null!=gform.hooks[o][n]&&(r=(r=gform.hooks[o][n]).filter(function(o,n,r){return!!(null!=i&&i!=o.tag||null!=t&&t!=o.priority)}),gform.hooks[o][n]=r)}});<\/script>\n                <div class='gf_browser_gecko gform_wrapper gform_legacy_markup_wrapper gform-theme--no-framework' data-form-theme='legacy' data-form-index='0' id='gform_wrapper_3' ><div id='gf_3' class='gform_anchor' tabindex='-1'><\/div><form method='post' enctype='multipart\/form-data' target='gform_ajax_frame_3' id='gform_3'  action='\/de\/wp-json\/wp\/v2\/pages\/404#gf_3' data-formid='3' >\n                        <div class='gform-body gform_body'><ul id='gform_fields_3' class='gform_fields top_label form_sublabel_below description_below'><li id=\"field_3_1\"  class=\"gfield gfield--type-text gfield_contains_required field_sublabel_below gfield--no-description field_description_below gfield_visibility_visible\"  data-js-reload=\"field_3_1\"><label class='gfield_label gform-field-label' for='input_3_1' >Name \/ Firma<span class=\"gfield_required\"><span class=\"gfield_required gfield_required_asterisk\">*<\/span><\/span><\/label><div class='ginput_container ginput_container_text'><input name='input_1' id='input_3_1' type='text' value='' class='large'    placeholder='Name \/ Firma' aria-required=\"true\" aria-invalid=\"false\"   \/> <\/div><\/li><li id=\"field_3_2\"  class=\"gfield gfield--type-text gfield_contains_required field_sublabel_below gfield--no-description field_description_below gfield_visibility_visible\"  data-js-reload=\"field_3_2\"><label class='gfield_label gform-field-label' for='input_3_2' >Telefon<span class=\"gfield_required\"><span class=\"gfield_required gfield_required_asterisk\">*<\/span><\/span><\/label><div class='ginput_container ginput_container_text'><input name='input_2' id='input_3_2' type='text' value='' class='large'    placeholder='Telefon' aria-required=\"true\" aria-invalid=\"false\"   \/> <\/div><\/li><li id=\"field_3_5\"  class=\"gfield gfield--type-email gfield--width-full gfield_contains_required field_sublabel_below gfield--no-description field_description_below gfield_visibility_visible\"  data-js-reload=\"field_3_5\"><label class='gfield_label gform-field-label' for='input_3_5' >E-mail<span class=\"gfield_required\"><span class=\"gfield_required gfield_required_asterisk\">*<\/span><\/span><\/label><div class='ginput_container ginput_container_email'>\n                            <input name='input_5' id='input_3_5' type='text' value='' class='large'   placeholder='E-mail' aria-required=\"true\" aria-invalid=\"false\"  \/>\n                        <\/div><\/li><li id=\"field_3_4\"  class=\"gfield gfield--type-textarea gfield_contains_required field_sublabel_below gfield--no-description field_description_below gfield_visibility_visible\"  data-js-reload=\"field_3_4\"><label class='gfield_label gform-field-label' for='input_3_4' >Nachricht<span class=\"gfield_required\"><span class=\"gfield_required gfield_required_asterisk\">*<\/span><\/span><\/label><div class='ginput_container ginput_container_textarea'><textarea name='input_4' id='input_3_4' class='textarea medium'    placeholder='Nachricht' aria-required=\"true\" aria-invalid=\"false\"   rows='10' cols='50'><\/textarea><\/div><\/li><li id=\"field_3_6\"  class=\"gfield gfield--type-honeypot gform_validation_container field_sublabel_below gfield--has-description field_description_below gfield_visibility_visible\"  data-js-reload=\"field_3_6\"><label class='gfield_label gform-field-label' for='input_3_6' >Phone<\/label><div class='ginput_container'><input name='input_6' id='input_3_6' type='text' value='' \/><\/div><div class='gfield_description' id='gfield_description_3_6'>Dieses Feld dient zur Validierung und sollte nicht ver\u00e4ndert werden.<\/div><\/li><\/ul><\/div>\n        <div class='gform_footer top_label'> <input type='submit' id='gform_submit_button_3' class='gform_button button' value='Senden Sie Ihre Nachricht'  onclick='if(window[\"gf_submitting_3\"]){return false;}  window[\"gf_submitting_3\"]=true;  ' onkeypress='if( event.keyCode == 13 ){ if(window[\"gf_submitting_3\"]){return false;} window[\"gf_submitting_3\"]=true;  jQuery(\"#gform_3\").trigger(\"submit\",[true]); }' \/> <input type='hidden' name='gform_ajax' value='form_id=3&amp;title=&amp;description=&amp;tabindex=0' \/>\n            <input type='hidden' class='gform_hidden' name='is_submit_3' value='1' \/>\n            <input type='hidden' class='gform_hidden' name='gform_submit' value='3' \/>\n            \n            <input type='hidden' class='gform_hidden' name='gform_unique_id' value='' \/>\n            <input type='hidden' class='gform_hidden' name='state_3' value='WyJbXSIsIjQyZDJjOGNhYWNmOWIwNTRmNTI1YzFjNjg1Y2ZmYzQ0Il0=' \/>\n            <input type='hidden' class='gform_hidden' name='gform_target_page_number_3' id='gform_target_page_number_3' value='0' \/>\n            <input type='hidden' class='gform_hidden' name='gform_source_page_number_3' id='gform_source_page_number_3' value='1' \/>\n            <input type='hidden' name='gform_field_values' value='' \/>\n            \n        <\/div>\n                        <\/form>\n                        <\/div>\n\t\t                <iframe style='display:none;width:0px;height:0px;' src='about:blank' name='gform_ajax_frame_3' id='gform_ajax_frame_3' title='Dieser iframe enth\u00e4lt die erforderliche Logik um Gravity Forms Formulare mit AJAX zu handhaben.'><\/iframe>\n\t\t                <script type=\"text\/javascript\">\n\/* <![CDATA[ *\/\n gform.initializeOnLoaded( function() {gformInitSpinner( 3, 'https:\/\/topotransport.ch\/wp-content\/plugins\/gravityforms\/images\/spinner.svg', true );jQuery('#gform_ajax_frame_3').on('load',function(){var contents = jQuery(this).contents().find('*').html();var is_postback = contents.indexOf('GF_AJAX_POSTBACK') >= 0;if(!is_postback){return;}var form_content = jQuery(this).contents().find('#gform_wrapper_3');var is_confirmation = jQuery(this).contents().find('#gform_confirmation_wrapper_3').length > 0;var is_redirect = contents.indexOf('gformRedirect(){') >= 0;var is_form = form_content.length > 0 && ! is_redirect && ! is_confirmation;var mt = parseInt(jQuery('html').css('margin-top'), 10) + parseInt(jQuery('body').css('margin-top'), 10) + 100;if(is_form){jQuery('#gform_wrapper_3').html(form_content.html());if(form_content.hasClass('gform_validation_error')){jQuery('#gform_wrapper_3').addClass('gform_validation_error');} else {jQuery('#gform_wrapper_3').removeClass('gform_validation_error');}setTimeout( function() { \/* delay the scroll by 50 milliseconds to fix a bug in chrome *\/ jQuery(document).scrollTop(jQuery('#gform_wrapper_3').offset().top - mt); }, 50 );if(window['gformInitDatepicker']) {gformInitDatepicker();}if(window['gformInitPriceFields']) {gformInitPriceFields();}var current_page = jQuery('#gform_source_page_number_3').val();gformInitSpinner( 3, 'https:\/\/topotransport.ch\/wp-content\/plugins\/gravityforms\/images\/spinner.svg', true );jQuery(document).trigger('gform_page_loaded', [3, current_page]);window['gf_submitting_3'] = false;}else if(!is_redirect){var confirmation_content = jQuery(this).contents().find('.GF_AJAX_POSTBACK').html();if(!confirmation_content){confirmation_content = contents;}setTimeout(function(){jQuery('#gform_wrapper_3').replaceWith(confirmation_content);jQuery(document).scrollTop(jQuery('#gf_3').offset().top - mt);jQuery(document).trigger('gform_confirmation_loaded', [3]);window['gf_submitting_3'] = false;wp.a11y.speak(jQuery('#gform_confirmation_message_3').text());}, 50);}else{jQuery('#gform_3').append(contents);if(window['gformRedirect']) {gformRedirect();}}jQuery(document).trigger('gform_post_render', [3, current_page]);} );} ); \n\/* ]]> *\/\n<\/script>\n\n\n<\/div><\/div>\n<div class=\"col medium-2 small-12 large-2\"  ><div class=\"col-inner\"  >\n\n\n<\/div><\/div>\n\n<\/div>\n\n<\/div><\/div>\n\n<\/div>\n\n\t\t<\/div><!-- .section-content -->\n\n\t\t\n<style scope=\"scope\">\n\n#section_27481351 {\n  padding-top: 30px;\n  padding-bottom: 30px;\n}\n<\/style>\n\t<\/section>\n\t\n<div class=\"row row-collapse row-full-width\"  id=\"row-1331850283\">\n\n<div class=\"col small-12 large-12\"  ><div class=\"col-inner\"  >\n\n<div class=\"map-container\">\n    <iframe \n        data-src=\"https:\/\/www.google.com\/maps\/embed?pb=!1m18!1m12!1m3!1d2703.479557566788!2d7.91347287732306!3d47.34403457116693!2m3!1f0!2f0!3f0!3m2!1i1024!2i768!4f13.1!3m3!1m2!1s0x479030306abd8e3b%3A0xddea24241bb47859!2sTopo%20Transport%20Gmbh!5e0!3m2!1sen!2spy!4v1738888523551!5m2!1sen!2spy\" \n        allowfullscreen \n       \n        referrerpolicy=\"no-referrer-when-downgrade\" src=\"data:image\/svg+xml;base64,PHN2ZyB3aWR0aD0iMSIgaGVpZ2h0PSIxIiB4bWxucz0iaHR0cDovL3d3dy53My5vcmcvMjAwMC9zdmciPjwvc3ZnPg==\" class=\"lazyload\" data-load-mode=\"1\">\n    <\/iframe>\n<\/div>\n\n<\/div><\/div>\n\n\n<style scope=\"scope\">\n\n<\/style>\n<\/div>\n\n","protected":false},"excerpt":{"rendered":"","protected":false},"author":3,"featured_media":0,"parent":0,"menu_order":0,"comment_status":"closed","ping_status":"open","template":"page-blank.php","meta":{"footnotes":""},"yoast_head":"<!-- This site is optimized with the Yoast SEO plugin v24.4 - https:\/\/yoast.com\/wordpress\/plugins\/seo\/ -->\n<title>Kontaktieren Sie unsere Umzugsexperten in der Schweiz<\/title>\n<meta name=\"description\" content=\"Topo transport begleitet Sie bei Ihrem Umzug. Kontaktieren Sie uns noch heute, um Ihren kostenlosen Kostenvoranschlag zu erstellen.\" \/>\n<meta name=\"robots\" content=\"index, follow, max-snippet:-1, max-image-preview:large, max-video-preview:-1\" \/>\n<link rel=\"canonical\" href=\"https:\/\/topotransport.ch\/de\/kontakt\/\" \/>\n<meta property=\"og:locale\" content=\"de_DE\" \/>\n<meta property=\"og:type\" content=\"article\" \/>\n<meta property=\"og:title\" content=\"Kontaktieren Sie unsere Umzugsexperten in der Schweiz\" \/>\n<meta property=\"og:description\" content=\"Topo transport begleitet Sie bei Ihrem Umzug. Kontaktieren Sie uns noch heute, um Ihren kostenlosen Kostenvoranschlag zu erstellen.\" \/>\n<meta property=\"og:url\" content=\"https:\/\/topotransport.ch\/de\/kontakt\/\" \/>\n<meta property=\"og:site_name\" content=\"Topo Transport GmbH \u2014 Experte f\u00fcr Umzug und Reinigung | Schweiz\" \/>\n<meta property=\"article:publisher\" content=\"https:\/\/www.facebook.com\/profile.php?id=100090889622955\" \/>\n<meta property=\"article:modified_time\" content=\"2025-02-14T00:38:42+00:00\" \/>\n<meta property=\"og:image\" content=\"https:\/\/www.topotransport.ch\/wp-content\/uploads\/2019\/06\/topo-transport-demenagement-nettoyage-debarras-suisse-romande-alemanique-devis-gratuit-25.png\" \/>\n<meta name=\"twitter:card\" content=\"summary_large_image\" \/>\n<meta name=\"twitter:label1\" content=\"Gesch\u00e4tzte Lesezeit\" \/>\n\t<meta name=\"twitter:data1\" content=\"2\u00a0Minuten\" \/>\n<!-- \/ Yoast SEO plugin. -->","yoast_head_json":{"title":"Kontaktieren Sie unsere Umzugsexperten in der Schweiz","description":"Topo transport begleitet Sie bei Ihrem Umzug. Kontaktieren Sie uns noch heute, um Ihren kostenlosen Kostenvoranschlag zu erstellen.","robots":{"index":"index","follow":"follow","max-snippet":"max-snippet:-1","max-image-preview":"max-image-preview:large","max-video-preview":"max-video-preview:-1"},"canonical":"https:\/\/topotransport.ch\/de\/kontakt\/","og_locale":"de_DE","og_type":"article","og_title":"Kontaktieren Sie unsere Umzugsexperten in der Schweiz","og_description":"Topo transport begleitet Sie bei Ihrem Umzug. Kontaktieren Sie uns noch heute, um Ihren kostenlosen Kostenvoranschlag zu erstellen.","og_url":"https:\/\/topotransport.ch\/de\/kontakt\/","og_site_name":"Topo Transport GmbH \u2014 Experte f\u00fcr Umzug und Reinigung | Schweiz","article_publisher":"https:\/\/www.facebook.com\/profile.php?id=100090889622955","article_modified_time":"2025-02-14T00:38:42+00:00","og_image":[{"url":"https:\/\/www.topotransport.ch\/wp-content\/uploads\/2019\/06\/topo-transport-demenagement-nettoyage-debarras-suisse-romande-alemanique-devis-gratuit-25.png","type":"","width":"","height":""}],"twitter_card":"summary_large_image","twitter_misc":{"Gesch\u00e4tzte Lesezeit":"2\u00a0Minuten"},"schema":{"@context":"https:\/\/schema.org","@graph":[{"@type":"WebPage","@id":"https:\/\/topotransport.ch\/de\/kontakt\/","url":"https:\/\/topotransport.ch\/de\/kontakt\/","name":"Kontaktieren Sie unsere Umzugsexperten in der Schweiz","isPartOf":{"@id":"https:\/\/topotransport.ch\/de\/#website"},"primaryImageOfPage":{"@id":"https:\/\/topotransport.ch\/de\/kontakt\/#primaryimage"},"image":{"@id":"https:\/\/topotransport.ch\/de\/kontakt\/#primaryimage"},"thumbnailUrl":"https:\/\/www.topotransport.ch\/wp-content\/uploads\/2019\/06\/topo-transport-demenagement-nettoyage-debarras-suisse-romande-alemanique-devis-gratuit-25.png","datePublished":"2019-06-27T20:49:55+00:00","dateModified":"2025-02-14T00:38:42+00:00","description":"Topo transport begleitet Sie bei Ihrem Umzug. Kontaktieren Sie uns noch heute, um Ihren kostenlosen Kostenvoranschlag zu erstellen.","breadcrumb":{"@id":"https:\/\/topotransport.ch\/de\/kontakt\/#breadcrumb"},"inLanguage":"de","potentialAction":[{"@type":"ReadAction","target":["https:\/\/topotransport.ch\/de\/kontakt\/"]}]},{"@type":"ImageObject","inLanguage":"de","@id":"https:\/\/topotransport.ch\/de\/kontakt\/#primaryimage","url":"https:\/\/www.topotransport.ch\/wp-content\/uploads\/2019\/06\/topo-transport-demenagement-nettoyage-debarras-suisse-romande-alemanique-devis-gratuit-25.png","contentUrl":"https:\/\/www.topotransport.ch\/wp-content\/uploads\/2019\/06\/topo-transport-demenagement-nettoyage-debarras-suisse-romande-alemanique-devis-gratuit-25.png"},{"@type":"BreadcrumbList","@id":"https:\/\/topotransport.ch\/de\/kontakt\/#breadcrumb","itemListElement":[{"@type":"ListItem","position":1,"name":"Accueil","item":"https:\/\/topotransport.ch\/de\/"},{"@type":"ListItem","position":2,"name":"Kontakt"}]},{"@type":"WebSite","@id":"https:\/\/topotransport.ch\/de\/#website","url":"https:\/\/topotransport.ch\/de\/","name":"Umzugsfirma \u00bb Topo Transport Gmbh \u00bb Umziehen zum Festpreis","description":"","publisher":{"@id":"https:\/\/topotransport.ch\/de\/#organization"},"potentialAction":[{"@type":"SearchAction","target":{"@type":"EntryPoint","urlTemplate":"https:\/\/topotransport.ch\/de\/?s={search_term_string}"},"query-input":{"@type":"PropertyValueSpecification","valueRequired":true,"valueName":"search_term_string"}}],"inLanguage":"de"},{"@type":"Organization","@id":"https:\/\/topotransport.ch\/de\/#organization","name":"Umzugsfirma \u00bb Topo Transport Gmbh \u00bb Umziehen zum Festpreis","url":"https:\/\/topotransport.ch\/de\/","logo":{"@type":"ImageObject","inLanguage":"de","@id":"https:\/\/topotransport.ch\/de\/#\/schema\/logo\/image\/","url":"https:\/\/topotransport.ch\/wp-content\/uploads\/2023\/06\/Umzugsfirma-Topo-Transport-Gmbh-Umziehen-zum-Festpreis.png","contentUrl":"https:\/\/topotransport.ch\/wp-content\/uploads\/2023\/06\/Umzugsfirma-Topo-Transport-Gmbh-Umziehen-zum-Festpreis.png","width":981,"height":800,"caption":"Umzugsfirma \u00bb Topo Transport Gmbh \u00bb Umziehen zum Festpreis"},"image":{"@id":"https:\/\/topotransport.ch\/de\/#\/schema\/logo\/image\/"},"sameAs":["https:\/\/www.facebook.com\/profile.php?id=100090889622955"]}]}},"_links":{"self":[{"href":"https:\/\/topotransport.ch\/de\/wp-json\/wp\/v2\/pages\/404"}],"collection":[{"href":"https:\/\/topotransport.ch\/de\/wp-json\/wp\/v2\/pages"}],"about":[{"href":"https:\/\/topotransport.ch\/de\/wp-json\/wp\/v2\/types\/page"}],"author":[{"embeddable":true,"href":"https:\/\/topotransport.ch\/de\/wp-json\/wp\/v2\/users\/3"}],"replies":[{"embeddable":true,"href":"https:\/\/topotransport.ch\/de\/wp-json\/wp\/v2\/comments?post=404"}],"version-history":[{"count":14,"href":"https:\/\/topotransport.ch\/de\/wp-json\/wp\/v2\/pages\/404\/revisions"}],"predecessor-version":[{"id":1894,"href":"https:\/\/topotransport.ch\/de\/wp-json\/wp\/v2\/pages\/404\/revisions\/1894"}],"wp:attachment":[{"href":"https:\/\/topotransport.ch\/de\/wp-json\/wp\/v2\/media?parent=404"}],"curies":[{"name":"wp","href":"https:\/\/api.w.org\/{rel}","templated":true}]}}